{"id":188,"date":"2012-04-02T21:26:41","date_gmt":"2012-04-02T21:26:41","guid":{"rendered":"http:\/\/darkoid.com\/portae\/?page_id=188"},"modified":"2016-11-21T21:54:23","modified_gmt":"2016-11-21T21:54:23","slug":"divers","status":"publish","type":"page","link":"http:\/\/darkoid.com\/portae\/divers\/","title":{"rendered":"Divers et vari\u00e9s"},"content":{"rendered":"<p style=\"text-align: center;\"><span style=\"color: #ffffff;\">Une <strong>Page<\/strong> n&#8217;est pas un <strong>post ! &#8230;\u00a0 ^^<\/strong><\/span><\/p>\n<p>\u00a0Travaux photos d&#8217;architectures <a title=\"Architectures, Eglises\" href=\"http:\/\/darkoid.com\/portae\/architecture\/\"><strong>iCi<\/strong><\/a><\/p>\n<p>[scroller 1 \/]<\/p>\n<p><object width=\"640\" height=\"360\" classid=\"clsid:d27cdb6e-ae6d-11cf-96b8-444553540000\" codebase=\"http:\/\/download.macromedia.com\/pub\/shockwave\/cabs\/flash\/swflash.cab#version=6,0,40,0\"><param name=\"allowFullScreen\" value=\"true\" \/><param name=\"allowscriptaccess\" value=\"always\" \/><param name=\"src\" value=\"http:\/\/www.youtube.com\/v\/4xWqgth4m_s?version=3&amp;hl=fr_FR\" \/><param name=\"allowfullscreen\" value=\"true\" \/><embed width=\"640\" height=\"360\" type=\"application\/x-shockwave-flash\" src=\"http:\/\/www.youtube.com\/v\/4xWqgth4m_s?version=3&amp;hl=fr_FR\" allowFullScreen=\"true\" allowscriptaccess=\"always\" allowfullscreen=\"true\" \/><\/object><\/p>\n<p style=\"text-align: left;\"><a title=\"Fr\u00e8res siamois\" href=\"http:\/\/fr.wikipedia.org\/wiki\/Fr%C3%A8res_siamois\">s\u0153urs siamoises<\/a> bic\u00e9phales. Face aux jumelles, Abigail est \u00e0 gauche et Brittany \u00e0 droite. Elles ont deux <a title=\"Colonne vert\u00e9brale\" href=\"http:\/\/fr.wikipedia.org\/wiki\/Colonne_vert%C3%A9brale\">colonnes vert\u00e9brales<\/a> jointes au <a title=\"Pelvis\" href=\"http:\/\/fr.wikipedia.org\/wiki\/Pelvis\">pelvis<\/a>. Elles ont deux <a title=\"Estomac\" href=\"http:\/\/fr.wikipedia.org\/wiki\/Estomac\">estomacs<\/a>, quatre <a title=\"Poumon\" href=\"http:\/\/fr.wikipedia.org\/wiki\/Poumon\">poumons<\/a> (deux quasiment joints par paires), et deux bras (un troisi\u00e8me bras, sous-d\u00e9velopp\u00e9 et inutilisable entre leurs t\u00eates a \u00e9t\u00e9 amput\u00e9 pendant leur <a title=\"Enfance\" href=\"http:\/\/fr.wikipedia.org\/wiki\/Enfance\">enfance<\/a>).<\/p>\n<p>Chacune contr\u00f4le une moiti\u00e9 de leur corps, dirigeant l&#8217;un des bras ou l&#8217;une des jambes. Depuis leur enfance, la coop\u00e9ration de chacune des 2 jumelles est indispensable pour tous les mouvements n\u00e9cessitant une coordination motrice, comme marcher, applaudir, ou nager. Alors que chacune est capable de manger ou \u00e9crire s\u00e9par\u00e9ment ou simultan\u00e9ment, les activit\u00e9s comme la marche ou la natation doivent \u00eatre coordonn\u00e9es et g\u00e9r\u00e9es de fa\u00e7on sym\u00e9trique. Des gestes quotidiens comme se coiffer ou conduire exigent que chaque jumelle effectue une s\u00e9quence d&#8217;actions distincte et coordonn\u00e9e.<\/p>\n<p style=\"text-align: center;\"><a href=\"http:\/\/darkoid.com\/portae\/divers\/10-les-siamoises-version-2\/\" rel=\"attachment wp-att-189\"><img loading=\"lazy\" decoding=\"async\" class=\"size-full wp-image-189\" title=\"Les siamoises VERSION 2\" src=\"http:\/\/darkoid.com\/portae\/wp-content\/uploads\/10.-Les-siamoises-VERSION-2.jpg\" alt=\"\" width=\"1000\" height=\"820\" srcset=\"http:\/\/darkoid.com\/portae\/wp-content\/uploads\/10.-Les-siamoises-VERSION-2.jpg 1000w, http:\/\/darkoid.com\/portae\/wp-content\/uploads\/10.-Les-siamoises-VERSION-2-300x246.jpg 300w, http:\/\/darkoid.com\/portae\/wp-content\/uploads\/10.-Les-siamoises-VERSION-2-424x348.jpg 424w, http:\/\/darkoid.com\/portae\/wp-content\/uploads\/10.-Les-siamoises-VERSION-2-688x564.jpg 688w\" sizes=\"auto, (max-width: 1000px) 100vw, 1000px\" \/><\/a><\/p>\n<p style=\"text-align: center;\"><a href=\"http:\/\/darkoid.com\/portae\/divers\/stryge_photo_notre_dame_paris\/\" rel=\"attachment wp-att-193\"><img loading=\"lazy\" decoding=\"async\" class=\"size-full wp-image-193\" title=\"Gargouille\" src=\"http:\/\/darkoid.com\/portae\/wp-content\/uploads\/stryge_photo_notre_dame_paris.jpg\" alt=\"\" width=\"386\" height=\"500\" srcset=\"http:\/\/darkoid.com\/portae\/wp-content\/uploads\/stryge_photo_notre_dame_paris.jpg 386w, http:\/\/darkoid.com\/portae\/wp-content\/uploads\/stryge_photo_notre_dame_paris-231x300.jpg 231w, http:\/\/darkoid.com\/portae\/wp-content\/uploads\/stryge_photo_notre_dame_paris-268x348.jpg 268w\" sizes=\"auto, (max-width: 386px) 100vw, 386px\" \/><\/a><\/p>\n","protected":false},"excerpt":{"rendered":"<p>Une Page n&#8217;est pas un post ! &#8230;\u00a0 ^^ \u00a0Travaux photos d&#8217;architectures iCi [scroller 1 \/] s\u0153urs siamoises bic\u00e9phales. Face aux jumelles, Abigail est \u00e0 gauche et Brittany \u00e0 droite. Elles ont deux colonnes vert\u00e9brales jointes au pelvis. Elles ont deux estomacs, quatre poumons (deux quasiment joints par paires), et &#8230;<\/p>\n","protected":false},"author":1,"featured_media":0,"parent":0,"menu_order":0,"comment_status":"closed","ping_status":"closed","template":"","meta":{"footnotes":""},"class_list":["post-188","page","type-page","status-publish","hentry"],"_links":{"self":[{"href":"http:\/\/darkoid.com\/portae\/wp-json\/wp\/v2\/pages\/188","targetHints":{"allow":["GET"]}}],"collection":[{"href":"http:\/\/darkoid.com\/portae\/wp-json\/wp\/v2\/pages"}],"about":[{"href":"http:\/\/darkoid.com\/portae\/wp-json\/wp\/v2\/types\/page"}],"author":[{"embeddable":true,"href":"http:\/\/darkoid.com\/portae\/wp-json\/wp\/v2\/users\/1"}],"replies":[{"embeddable":true,"href":"http:\/\/darkoid.com\/portae\/wp-json\/wp\/v2\/comments?post=188"}],"version-history":[{"count":34,"href":"http:\/\/darkoid.com\/portae\/wp-json\/wp\/v2\/pages\/188\/revisions"}],"predecessor-version":[{"id":192,"href":"http:\/\/darkoid.com\/portae\/wp-json\/wp\/v2\/pages\/188\/revisions\/192"}],"wp:attachment":[{"href":"http:\/\/darkoid.com\/portae\/wp-json\/wp\/v2\/media?parent=188"}],"curies":[{"name":"wp","href":"https:\/\/api.w.org\/{rel}","templated":true}]}}